{"id":221,"date":"2024-04-03T08:10:59","date_gmt":"2024-04-03T07:10:59","guid":{"rendered":"https:\/\/styx-delivery.it\/?page_id=221"},"modified":"2025-05-06T19:10:05","modified_gmt":"2025-05-06T18:10:05","slug":"styx-delivery-srl","status":"publish","type":"page","link":"https:\/\/styx-delivery.it\/fr\/styx-delivery-srl\/","title":{"rendered":"Politique de confidentialit\u00e9"},"content":{"rendered":"<style>.elementor-221 .elementor-element.elementor-element-2b2ff54:not(.elementor-motion-effects-element-type-background), .elementor-221 .elementor-element.elementor-element-2b2ff54 > .elementor-motion-effects-container > .elementor-motion-effects-layer{background-image:url(\"https:\/\/static.vecteezy.com\/system\/resources\/thumbnails\/032\/995\/775\/small\/trucks-driving-on-highway-rural-landscape-dramatic-sunset-transportation-on-road-ai-generative-photo.jpg\");background-position:center center;background-repeat:no-repeat;background-size:cover;}.elementor-221 .elementor-element.elementor-element-2b2ff54 > .elementor-background-overlay{background-color:#282828;opacity:0.702;transition:background 0.3s, border-radius 0.3s, opacity 0.3s;}.elementor-221 .elementor-element.elementor-element-2b2ff54{transition:background 0.3s, border 0.3s, border-radius 0.3s, box-shadow 0.3s;margin-top:0px;margin-bottom:0px;padding:100px 0px 100px 0px;}.elementor-221 .elementor-element.elementor-element-d1e1cbc > .elementor-element-populated{margin:0px 0px 0px 0px;--e-column-margin-right:0px;--e-column-margin-left:0px;padding:0px 0px 0px 0px;}.elementor-221 .elementor-element.elementor-element-96092cd > .elementor-widget-container{margin:0px 0px 0px 0px;padding:0px 0px 0px 0px;}.elementor-221 .elementor-element.elementor-element-96092cd{text-align:center;}.elementor-221 .elementor-element.elementor-element-96092cd .elementor-heading-title{font-family:\"Poppins\", Sans-serif;font-size:65px;font-weight:700;line-height:1em;letter-spacing:0px;color:var( --e-global-color-secondary );}.elementor-221 .elementor-element.elementor-element-2a3aded > .elementor-widget-container{margin:20px 0px 0px 0px;padding:0px 0px 0px 0px;}.elementor-221 .elementor-element.elementor-element-2a3aded .elementor-icon-list-icon i{color:var( --e-global-color-secondary );transition:color 0.3s;}.elementor-221 .elementor-element.elementor-element-2a3aded .elementor-icon-list-icon svg{fill:var( --e-global-color-secondary );transition:fill 0.3s;}.elementor-221 .elementor-element.elementor-element-2a3aded{--e-icon-list-icon-size:30px;--icon-vertical-offset:0px;}.elementor-221 .elementor-element.elementor-element-2a3aded .elementor-icon-list-item > .elementor-icon-list-text, .elementor-221 .elementor-element.elementor-element-2a3aded .elementor-icon-list-item > a{font-family:\"Roboto\", Sans-serif;font-size:20px;font-weight:500;line-height:1em;letter-spacing:0px;}.elementor-221 .elementor-element.elementor-element-2a3aded .elementor-icon-list-text{color:var( --e-global-color-secondary );transition:color 0.3s;}.elementor-221 .elementor-element.elementor-element-2a3aded .elementor-icon-list-item:hover .elementor-icon-list-text{color:var( --e-global-color-text );}.elementor-221 .elementor-element.elementor-element-7c69590{--display:flex;--flex-direction:column;--container-widget-width:100%;--container-widget-height:initial;--container-widget-flex-grow:0;--container-widget-align-self:initial;--flex-wrap-mobile:wrap;}.elementor-221 .elementor-element.elementor-element-28836e5 > .elementor-widget-container{margin:80px 0px 100px 0px;}.elementor-221 .elementor-element.elementor-element-28836e5{color:var( --e-global-color-primary );}:root{--page-title-display:none;}@media(max-width:767px){.elementor-221 .elementor-element.elementor-element-96092cd .elementor-heading-title{font-size:50px;}.elementor-221 .elementor-element.elementor-element-2a3aded .elementor-icon-list-item > .elementor-icon-list-text, .elementor-221 .elementor-element.elementor-element-2a3aded .elementor-icon-list-item > a{font-size:20px;}}<\/style>\t\t<div data-elementor-type=\"wp-page\" data-elementor-id=\"221\" class=\"elementor elementor-221\" data-elementor-post-type=\"page\">\n\t\t\t\t\t\t<section class=\"elementor-section elementor-top-section elementor-element elementor-element-2b2ff54 elementor-section-boxed elementor-section-height-default elementor-section-height-default\" data-id=\"2b2ff54\" data-element_type=\"section\" data-settings=\"{&quot;background_background&quot;:&quot;classic&quot;}\">\n\t\t\t\t\t\t\t<div class=\"elementor-background-overlay\"><\/div>\n\t\t\t\t\t\t\t<div class=\"elementor-container elementor-column-gap-default\">\n\t\t\t\t\t<div class=\"elementor-column elementor-col-100 elementor-top-column elementor-element elementor-element-d1e1cbc\" data-id=\"d1e1cbc\" data-element_type=\"column\">\n\t\t\t<div class=\"elementor-widget-wrap elementor-element-populated\">\n\t\t\t\t\t\t<div class=\"elementor-element elementor-element-96092cd elementor-invisible elementor-widget elementor-widget-heading\" data-id=\"96092cd\" data-element_type=\"widget\" data-settings=\"{&quot;_animation&quot;:&quot;fadeInUp&quot;}\" data-widget_type=\"heading.default\">\n\t\t\t\t<div class=\"elementor-widget-container\">\n\t\t\t\t\t<h2 class=\"elementor-heading-title elementor-size-default\">Politique de confidentialit\u00e9<\/h2>\t\t\t\t<\/div>\n\t\t\t\t<\/div>\n\t\t\t\t<div class=\"elementor-element elementor-element-2a3aded elementor-icon-list--layout-inline elementor-align-center elementor-list-item-link-full_width elementor-invisible elementor-widget elementor-widget-icon-list\" data-id=\"2a3aded\" data-element_type=\"widget\" data-settings=\"{&quot;_animation&quot;:&quot;fadeInUp&quot;}\" data-widget_type=\"icon-list.default\">\n\t\t\t\t<div class=\"elementor-widget-container\">\n\t\t\t\t\t\t\t<ul class=\"elementor-icon-list-items elementor-inline-items\">\n\t\t\t\t\t\t\t<li class=\"elementor-icon-list-item elementor-inline-item\">\n\t\t\t\t\t\t\t\t\t\t\t<a href=\"https:\/\/styx-delivery.it\/fr\">\n\n\t\t\t\t\t\t\t\t\t\t\t<span class=\"elementor-icon-list-text\">Accueil<\/span>\n\t\t\t\t\t\t\t\t\t\t\t<\/a>\n\t\t\t\t\t\t\t\t\t<\/li>\n\t\t\t\t\t\t\t\t<li class=\"elementor-icon-list-item elementor-inline-item\">\n\t\t\t\t\t\t\t\t\t\t\t<span class=\"elementor-icon-list-icon\">\n\t\t\t\t\t\t\t<svg aria-hidden=\"true\" class=\"e-font-icon-svg e-fas-angle-double-right\" viewbox=\"0 0 448 512\" xmlns=\"http:\/\/www.w3.org\/2000\/svg\"><path d=\"M224.3 273l-136 136c-9.4 9.4-24.6 9.4-33.9 0l-22.6-22.6c-9.4-9.4-9.4-24.6 0-33.9l96.4-96.4-96.4-96.4c-9.4-9.4-9.4-24.6 0-33.9L54.3 103c9.4-9.4 24.6-9.4 33.9 0l136 136c9.5 9.4 9.5 24.6.1 34zm192-34l-136-136c-9.4-9.4-24.6-9.4-33.9 0l-22.6 22.6c-9.4 9.4-9.4 24.6 0 33.9l96.4 96.4-96.4 96.4c-9.4 9.4-9.4 24.6 0 33.9l22.6 22.6c9.4 9.4 24.6 9.4 33.9 0l136-136c9.4-9.2 9.4-24.4 0-33.8z\"><\/path><\/svg>\t\t\t\t\t\t<\/span>\n\t\t\t\t\t\t\t\t\t\t<span class=\"elementor-icon-list-text\"><\/span>\n\t\t\t\t\t\t\t\t\t<\/li>\n\t\t\t\t\t\t\t\t<li class=\"elementor-icon-list-item elementor-inline-item\">\n\t\t\t\t\t\t\t\t\t\t\t<a href=\"https:\/\/styx-delivery.it\/fr\/politique-sur-les-cookies\/\">\n\n\t\t\t\t\t\t\t\t\t\t\t<span class=\"elementor-icon-list-text\">Politique en mati\u00e8re de cookies<\/span>\n\t\t\t\t\t\t\t\t\t\t\t<\/a>\n\t\t\t\t\t\t\t\t\t<\/li>\n\t\t\t\t\t\t<\/ul>\n\t\t\t\t\t\t<\/div>\n\t\t\t\t<\/div>\n\t\t\t\t\t<\/div>\n\t\t<\/div>\n\t\t\t\t\t<\/div>\n\t\t<\/section>\n\t\t<div class=\"elementor-element elementor-element-7c69590 e-flex e-con-boxed e-con e-parent\" data-id=\"7c69590\" data-element_type=\"container\">\n\t\t\t\t\t<div class=\"e-con-inner\">\n\t\t\t\t<div class=\"elementor-element elementor-element-28836e5 elementor-widget elementor-widget-text-editor\" data-id=\"28836e5\" data-element_type=\"widget\" data-widget_type=\"text-editor.default\">\n\t\t\t\t<div class=\"elementor-widget-container\">\n\t\t\t\t\t\t\t\t\t<p data-start=\"195\" data-end=\"242\">Derni\u00e8re mise \u00e0 jour : 14.03.2025<\/p><p data-start=\"244\" data-end=\"544\">La protection de vos donn\u00e9es personnelles est importante pour nous. Cette Politique de Confidentialit\u00e9 d\u00e9crit comment nous collectons, utilisons, stockons et prot\u00e9geons les informations personnelles des utilisateurs de notre site web. En utilisant notre site, vous acceptez les conditions d\u00e9crites dans cette politique.<\/p><p data-start=\"546\" data-end=\"586\"><strong data-start=\"546\" data-end=\"586\">1. Responsable du traitement des donn\u00e9es<\/strong><\/p><p data-start=\"588\" data-end=\"806\">Le responsable du traitement des donn\u00e9es personnelles collect\u00e9es via notre site web est :<br data-start=\"673\" data-end=\"676\" \/>STYX SRL<br data-start=\"698\" data-end=\"701\" \/>V\u00e9rone (VR), Via Gaspare Del Carretto 18, Code Postal 37136<br data-start=\"753\" data-end=\"756\" \/>info@styxsrl.it<br data-start=\"773\" data-end=\"776\" \/>+39 351 961 9634<\/p><p data-start=\"808\" data-end=\"838\"><strong data-start=\"808\" data-end=\"838\">2. Donn\u00e9es personnelles collect\u00e9es<\/strong><\/p><p data-start=\"840\" data-end=\"878\">Nous collectons les donn\u00e9es personnelles suivantes :<\/p><ul data-start=\"880\" data-end=\"1291\"><li data-start=\"880\" data-end=\"1089\"><strong data-start=\"882\" data-end=\"905\">Donn\u00e9es de navigation<\/strong>Informations collect\u00e9es automatiquement lors de la navigation sur le site, telles que les adresses IP, le type de navigateur, l'heure de visite et d'autres informations relatives \u00e0 l'interaction avec le site.<\/li><li data-start=\"1090\" data-end=\"1291\"><strong data-start=\"1092\" data-end=\"1136\">Donn\u00e9es fournies volontairement par l'utilisateur<\/strong>Informations collect\u00e9es lorsque l'utilisateur remplit des formulaires, soumet des demandes ou s'enregistre, telles que le nom, l'adresse e-mail, le num\u00e9ro de t\u00e9l\u00e9phone et les d\u00e9tails commerciaux.<\/li><\/ul><p data-start=\"1293\" data-end=\"1333\"><strong data-start=\"1293\" data-end=\"1333\">3. Finalit\u00e9 du traitement des donn\u00e9es<\/strong><\/p><p data-start=\"1335\" data-end=\"1405\">Les donn\u00e9es personnelles collect\u00e9es sont utilis\u00e9es pour les finalit\u00e9s suivantes :<\/p><ul data-start=\"1407\" data-end=\"1750\"><li data-start=\"1407\" data-end=\"1463\">Fournir les services demand\u00e9s via notre site web.<\/li><li data-start=\"1464\" data-end=\"1515\">G\u00e9rer et r\u00e9pondre aux demandes des utilisateurs.<\/li><li data-start=\"1516\" data-end=\"1587\">Analyser l'utilisation du site et am\u00e9liorer l'exp\u00e9rience utilisateur.<\/li><li data-start=\"1588\" data-end=\"1701\">Envoyer des communications concernant les services offerts par notre entreprise (si l'utilisateur a donn\u00e9 son consentement).<\/li><li data-start=\"1702\" data-end=\"1750\">Respecter les obligations l\u00e9gales et contractuelles.<\/li><\/ul><p data-start=\"1752\" data-end=\"1789\"><strong data-start=\"1752\" data-end=\"1789\">4. Base juridique du traitement<\/strong><\/p><p data-start=\"1791\" data-end=\"1871\">Le traitement des donn\u00e9es personnelles repose sur les raisons suivantes :<\/p><ul data-start=\"1873\" data-end=\"2102\"><li data-start=\"1873\" data-end=\"1930\">Ex\u00e9cution d'un contrat ou de mesures pr\u00e9contractuelles.<\/li><li data-start=\"1931\" data-end=\"1964\">Respect des obligations l\u00e9gales.<\/li><li data-start=\"1965\" data-end=\"2102\">Consentement de l'utilisateur (si l'utilisateur a donn\u00e9 son consentement explicite pour des fins de marketing ou d'autres fins sp\u00e9cifiques).<\/li><\/ul><p data-start=\"2104\" data-end=\"2133\"><strong data-start=\"2104\" data-end=\"2133\">5. Conservation des donn\u00e9es<\/strong><\/p><p data-start=\"2135\" data-end=\"2392\">Les donn\u00e9es personnelles sont conserv\u00e9es pendant le temps n\u00e9cessaire pour satisfaire les finalit\u00e9s pour lesquelles elles ont \u00e9t\u00e9 collect\u00e9es, conform\u00e9ment aux lois applicables. Ensuite, les donn\u00e9es seront supprim\u00e9es ou anonymis\u00e9es, sauf disposition contraire en raison d'obligations l\u00e9gales.<\/p><p data-start=\"2394\" data-end=\"2432\"><strong data-start=\"2394\" data-end=\"2432\">6. Partage des donn\u00e9es personnelles<\/strong><\/p><p data-start=\"2434\" data-end=\"2515\">Nous ne partagerons pas vos donn\u00e9es personnelles avec des tiers, sauf dans les cas suivants :<\/p><ul data-start=\"2517\" data-end=\"2872\"><li data-start=\"2517\" data-end=\"2568\">Si n\u00e9cessaire pour respecter les obligations l\u00e9gales.<\/li><li data-start=\"2569\" data-end=\"2733\">Si n\u00e9cessaire pour la fourniture des services, comme dans le cas de collaborations avec des fournisseurs externes (par exemple, des fournisseurs de services d'h\u00e9bergement ou de support technique).<\/li><li data-start=\"2734\" data-end=\"2872\">En cas de cession d'entreprise, de fusion ou de restructuration, les donn\u00e9es peuvent \u00eatre transf\u00e9r\u00e9es \u00e0 des tiers impliqu\u00e9s dans le processus.<\/li><\/ul><p data-start=\"2874\" data-end=\"2905\"><strong data-start=\"2874\" data-end=\"2905\">7. Droits de la personne concern\u00e9e<\/strong><\/p><p data-start=\"2907\" data-end=\"2968\">Conform \u00e0 la l\u00e9gislation en vigueur, l'utilisateur a le droit de :<\/p><ul data-start=\"2970\" data-end=\"3365\"><li data-start=\"2970\" data-end=\"3006\">Acc\u00e9der \u00e0 ses donn\u00e9es personnelles.<\/li><li data-start=\"3007\" data-end=\"3068\">Demander la rectification ou la suppression de ses donn\u00e9es.<\/li><li data-start=\"3069\" data-end=\"3121\">Limiter ou s'opposer au traitement de ses donn\u00e9es.<\/li><li data-start=\"3122\" data-end=\"3159\">Demander la portabilit\u00e9 des donn\u00e9es.<\/li><li data-start=\"3160\" data-end=\"3302\">Retirer son consentement \u00e0 tout moment (sans que cela n'affecte la l\u00e9gitimit\u00e9 du traitement effectu\u00e9 avant le retrait).<\/li><li data-start=\"3303\" data-end=\"3365\">D\u00e9poser une plainte aupr\u00e8s de l'autorit\u00e9 de protection des donn\u00e9es.<\/li><\/ul><p data-start=\"3367\" data-end=\"3481\">Pour exercer ces droits, vous pouvez nous contacter en utilisant les coordonn\u00e9es fournies dans la section \"Contact\" ci-dessous.<\/p><p data-start=\"3483\" data-end=\"3508\"><strong data-start=\"3483\" data-end=\"3508\">8. S\u00e9curit\u00e9 des donn\u00e9es<\/strong><\/p><p data-start=\"3510\" data-end=\"3769\">Nous prenons des mesures de s\u00e9curit\u00e9 appropri\u00e9es pour prot\u00e9ger vos donn\u00e9es personnelles contre tout acc\u00e8s non autoris\u00e9, perte ou dommage. Cependant, aucune m\u00e9thode de transmission ou de stockage \u00e9lectronique n'est s\u00e9curis\u00e9e \u00e0 100 %, nous ne pouvons donc garantir une s\u00e9curit\u00e9 absolue.<\/p><p data-start=\"3771\" data-end=\"3815\"><strong data-start=\"3771\" data-end=\"3815\">9. Modifications de la politique de confidentialit\u00e9<\/strong><\/p><p data-start=\"3817\" data-end=\"4012\">Nous nous r\u00e9servons le droit de mettre \u00e0 jour cette politique de confidentialit\u00e9 \u00e0 tout moment. Toute modification sera publi\u00e9e sur cette page, avec la date de la derni\u00e8re mise \u00e0 jour.<\/p><p data-start=\"4014\" data-end=\"4030\"><strong data-start=\"4014\" data-end=\"4030\">10. Contacts<\/strong><\/p><p data-start=\"4032\" data-end=\"4178\">Pour toute question ou demande concernant cette politique de confidentialit\u00e9 ou le traitement de vos donn\u00e9es personnelles, vous pouvez nous contacter aux coordonn\u00e9es suivantes :<\/p><p data-start=\"4180\" data-end=\"4294\">STYX SRL<br data-start=\"4202\" data-end=\"4205\" \/>V\u00e9rone (VR), Via Gaspare Del Carretto 18, Code Postal 37136<br data-start=\"4241\" data-end=\"4244\" \/>info@styxsrl.it<br data-start=\"4261\" data-end=\"4264\" \/>+39 351 961 9634<\/p>\t\t\t\t\t\t\t\t<\/div>\n\t\t\t\t<\/div>\n\t\t\t\t\t<\/div>\n\t\t\t\t<\/div>\n\t\t\t\t<\/div>","protected":false},"excerpt":{"rendered":"<p>Politica sulla privacy Home Politica sui cookie Ultimo aggiornamento: 14.03.2025 La protezione dei tuoi dati personali \u00e8 importante per noi. La presente Politica sulla Privacy descrive come raccogliamo, utilizziamo, conserviamo e proteggiamo le informazioni personali degli utenti del nostro sito web. Utilizzando il nostro sito, accetti le condizioni descritte in questa politica. 1. Titolare del [&hellip;]<\/p>","protected":false},"author":1,"featured_media":0,"parent":0,"menu_order":0,"comment_status":"closed","ping_status":"closed","template":"","meta":{"footnotes":""},"class_list":["post-221","page","type-page","status-publish","hentry"],"yoast_head":"<!-- This site is optimized with the Yoast SEO plugin v25.3.1 - https:\/\/yoast.com\/wordpress\/plugins\/seo\/ -->\n<title>Politica sulla privacy - STYX - Trasporto merci in sicurezza<\/title>\n<meta name=\"robots\" content=\"index, follow, max-snippet:-1, max-image-preview:large, max-video-preview:-1\" \/>\n<link rel=\"canonical\" href=\"https:\/\/styx-delivery.it\/fr\/styx-delivery-srl\/\" \/>\n<meta property=\"og:locale\" content=\"fr_FR\" \/>\n<meta property=\"og:type\" content=\"article\" \/>\n<meta property=\"og:title\" content=\"Politica sulla privacy - STYX - Trasporto merci in sicurezza\" \/>\n<meta property=\"og:description\" content=\"Politica sulla privacy Home Politica sui cookie Ultimo aggiornamento: 14.03.2025 La protezione dei tuoi dati personali \u00e8 importante per noi. La presente Politica sulla Privacy descrive come raccogliamo, utilizziamo, conserviamo e proteggiamo le informazioni personali degli utenti del nostro sito web. Utilizzando il nostro sito, accetti le condizioni descritte in questa politica. 1. Titolare del [&hellip;]\" \/>\n<meta property=\"og:url\" content=\"https:\/\/styx-delivery.it\/fr\/styx-delivery-srl\/\" \/>\n<meta property=\"og:site_name\" content=\"STYX - Trasporto merci in sicurezza\" \/>\n<meta property=\"article:modified_time\" content=\"2025-05-06T18:10:05+00:00\" \/>\n<meta name=\"twitter:card\" content=\"summary_large_image\" \/>\n<meta name=\"twitter:label1\" content=\"Dur\u00e9e de lecture estim\u00e9e\" \/>\n\t<meta name=\"twitter:data1\" content=\"3 minutes\" \/>\n<script type=\"application\/ld+json\" class=\"yoast-schema-graph\">{\"@context\":\"https:\/\/schema.org\",\"@graph\":[{\"@type\":\"WebPage\",\"@id\":\"https:\/\/styx-delivery.it\/styx-delivery-srl\/\",\"url\":\"https:\/\/styx-delivery.it\/styx-delivery-srl\/\",\"name\":\"Politica sulla privacy - STYX - Trasporto merci in sicurezza\",\"isPartOf\":{\"@id\":\"https:\/\/styx-delivery.it\/#website\"},\"datePublished\":\"2024-04-03T07:10:59+00:00\",\"dateModified\":\"2025-05-06T18:10:05+00:00\",\"breadcrumb\":{\"@id\":\"https:\/\/styx-delivery.it\/styx-delivery-srl\/#breadcrumb\"},\"inLanguage\":\"fr-FR\",\"potentialAction\":[{\"@type\":\"ReadAction\",\"target\":[\"https:\/\/styx-delivery.it\/styx-delivery-srl\/\"]}]},{\"@type\":\"BreadcrumbList\",\"@id\":\"https:\/\/styx-delivery.it\/styx-delivery-srl\/#breadcrumb\",\"itemListElement\":[{\"@type\":\"ListItem\",\"position\":1,\"name\":\"Home\",\"item\":\"https:\/\/styx-delivery.it\/\"},{\"@type\":\"ListItem\",\"position\":2,\"name\":\"Politica sulla privacy\"}]},{\"@type\":\"WebSite\",\"@id\":\"https:\/\/styx-delivery.it\/#website\",\"url\":\"https:\/\/styx-delivery.it\/\",\"name\":\"STYX - Trasporto merci in sicurezza\",\"description\":\"\",\"potentialAction\":[{\"@type\":\"SearchAction\",\"target\":{\"@type\":\"EntryPoint\",\"urlTemplate\":\"https:\/\/styx-delivery.it\/?s={search_term_string}\"},\"query-input\":{\"@type\":\"PropertyValueSpecification\",\"valueRequired\":true,\"valueName\":\"search_term_string\"}}],\"inLanguage\":\"fr-FR\"}]}<\/script>\n<!-- \/ Yoast SEO plugin. -->","yoast_head_json":{"title":"Politica sulla privacy - STYX - Trasporto merci in sicurezza","robots":{"index":"index","follow":"follow","max-snippet":"max-snippet:-1","max-image-preview":"max-image-preview:large","max-video-preview":"max-video-preview:-1"},"canonical":"https:\/\/styx-delivery.it\/fr\/styx-delivery-srl\/","og_locale":"fr_FR","og_type":"article","og_title":"Politica sulla privacy - STYX - Trasporto merci in sicurezza","og_description":"Politica sulla privacy Home Politica sui cookie Ultimo aggiornamento: 14.03.2025 La protezione dei tuoi dati personali \u00e8 importante per noi. La presente Politica sulla Privacy descrive come raccogliamo, utilizziamo, conserviamo e proteggiamo le informazioni personali degli utenti del nostro sito web. Utilizzando il nostro sito, accetti le condizioni descritte in questa politica. 1. Titolare del [&hellip;]","og_url":"https:\/\/styx-delivery.it\/fr\/styx-delivery-srl\/","og_site_name":"STYX - Trasporto merci in sicurezza","article_modified_time":"2025-05-06T18:10:05+00:00","twitter_card":"summary_large_image","twitter_misc":{"Dur\u00e9e de lecture estim\u00e9e":"3 minutes"},"schema":{"@context":"https:\/\/schema.org","@graph":[{"@type":"WebPage","@id":"https:\/\/styx-delivery.it\/styx-delivery-srl\/","url":"https:\/\/styx-delivery.it\/styx-delivery-srl\/","name":"Politica sulla privacy - STYX - Trasporto merci in sicurezza","isPartOf":{"@id":"https:\/\/styx-delivery.it\/#website"},"datePublished":"2024-04-03T07:10:59+00:00","dateModified":"2025-05-06T18:10:05+00:00","breadcrumb":{"@id":"https:\/\/styx-delivery.it\/styx-delivery-srl\/#breadcrumb"},"inLanguage":"fr-FR","potentialAction":[{"@type":"ReadAction","target":["https:\/\/styx-delivery.it\/styx-delivery-srl\/"]}]},{"@type":"BreadcrumbList","@id":"https:\/\/styx-delivery.it\/styx-delivery-srl\/#breadcrumb","itemListElement":[{"@type":"ListItem","position":1,"name":"Home","item":"https:\/\/styx-delivery.it\/"},{"@type":"ListItem","position":2,"name":"Politica sulla privacy"}]},{"@type":"WebSite","@id":"https:\/\/styx-delivery.it\/#website","url":"https:\/\/styx-delivery.it\/","name":"STYX - Trasporto merci in sicurezza","description":"","potentialAction":[{"@type":"SearchAction","target":{"@type":"EntryPoint","urlTemplate":"https:\/\/styx-delivery.it\/?s={search_term_string}"},"query-input":{"@type":"PropertyValueSpecification","valueRequired":true,"valueName":"search_term_string"}}],"inLanguage":"fr-FR"}]}},"_links":{"self":[{"href":"https:\/\/styx-delivery.it\/fr\/wp-json\/wp\/v2\/pages\/221","targetHints":{"allow":["GET"]}}],"collection":[{"href":"https:\/\/styx-delivery.it\/fr\/wp-json\/wp\/v2\/pages"}],"about":[{"href":"https:\/\/styx-delivery.it\/fr\/wp-json\/wp\/v2\/types\/page"}],"author":[{"embeddable":true,"href":"https:\/\/styx-delivery.it\/fr\/wp-json\/wp\/v2\/users\/1"}],"replies":[{"embeddable":true,"href":"https:\/\/styx-delivery.it\/fr\/wp-json\/wp\/v2\/comments?post=221"}],"version-history":[{"count":38,"href":"https:\/\/styx-delivery.it\/fr\/wp-json\/wp\/v2\/pages\/221\/revisions"}],"predecessor-version":[{"id":1230,"href":"https:\/\/styx-delivery.it\/fr\/wp-json\/wp\/v2\/pages\/221\/revisions\/1230"}],"wp:attachment":[{"href":"https:\/\/styx-delivery.it\/fr\/wp-json\/wp\/v2\/media?parent=221"}],"curies":[{"name":"wp","href":"https:\/\/api.w.org\/{rel}","templated":true}]}}