{"id":904,"date":"2025-03-12T11:02:04","date_gmt":"2025-03-12T11:02:04","guid":{"rendered":"https:\/\/styx-delivery.it\/?page_id=904"},"modified":"2025-03-14T09:06:29","modified_gmt":"2025-03-14T09:06:29","slug":"cookie-richtlinie","status":"publish","type":"page","link":"https:\/\/styx-delivery.it\/de\/cookie-richtlinie\/","title":{"rendered":"Cookie-Richtlinie"},"content":{"rendered":"<style>.elementor-904 .elementor-element.elementor-element-66c999d:not(.elementor-motion-effects-element-type-background), .elementor-904 .elementor-element.elementor-element-66c999d > .elementor-motion-effects-container > .elementor-motion-effects-layer{background-image:url(\"https:\/\/static.vecteezy.com\/system\/resources\/thumbnails\/032\/995\/775\/small\/trucks-driving-on-highway-rural-landscape-dramatic-sunset-transportation-on-road-ai-generative-photo.jpg\");background-position:center center;background-repeat:no-repeat;background-size:cover;}.elementor-904 .elementor-element.elementor-element-66c999d > .elementor-background-overlay{background-color:#282828;opacity:0.702;transition:background 0.3s, border-radius 0.3s, opacity 0.3s;}.elementor-904 .elementor-element.elementor-element-66c999d{transition:background 0.3s, border 0.3s, border-radius 0.3s, box-shadow 0.3s;margin-top:0px;margin-bottom:0px;padding:100px 0px 100px 0px;}.elementor-904 .elementor-element.elementor-element-da88487 > .elementor-element-populated{margin:0px 0px 0px 0px;--e-column-margin-right:0px;--e-column-margin-left:0px;padding:0px 0px 0px 0px;}.elementor-904 .elementor-element.elementor-element-7e1f1d8 > .elementor-widget-container{margin:0px 0px 0px 0px;padding:0px 0px 0px 0px;}.elementor-904 .elementor-element.elementor-element-7e1f1d8{text-align:center;}.elementor-904 .elementor-element.elementor-element-7e1f1d8 .elementor-heading-title{font-family:\"Poppins\", Sans-serif;font-size:65px;font-weight:700;line-height:1em;letter-spacing:0px;color:var( --e-global-color-secondary );}.elementor-904 .elementor-element.elementor-element-d98456f > .elementor-widget-container{margin:20px 0px 0px 0px;padding:0px 0px 0px 0px;}.elementor-904 .elementor-element.elementor-element-d98456f .elementor-icon-list-icon i{color:var( --e-global-color-secondary );transition:color 0.3s;}.elementor-904 .elementor-element.elementor-element-d98456f .elementor-icon-list-icon svg{fill:var( --e-global-color-secondary );transition:fill 0.3s;}.elementor-904 .elementor-element.elementor-element-d98456f{--e-icon-list-icon-size:30px;--icon-vertical-offset:0px;}.elementor-904 .elementor-element.elementor-element-d98456f .elementor-icon-list-item > .elementor-icon-list-text, .elementor-904 .elementor-element.elementor-element-d98456f .elementor-icon-list-item > a{font-family:\"Roboto\", Sans-serif;font-size:20px;font-weight:500;line-height:1em;letter-spacing:0px;}.elementor-904 .elementor-element.elementor-element-d98456f .elementor-icon-list-text{color:var( --e-global-color-secondary );transition:color 0.3s;}.elementor-904 .elementor-element.elementor-element-d98456f .elementor-icon-list-item:hover .elementor-icon-list-text{color:var( --e-global-color-text );}.elementor-904 .elementor-element.elementor-element-e1f6cd3{--display:flex;--flex-direction:column;--container-widget-width:100%;--container-widget-height:initial;--container-widget-flex-grow:0;--container-widget-align-self:initial;--flex-wrap-mobile:wrap;}.elementor-904 .elementor-element.elementor-element-28836e5 > .elementor-widget-container{margin:80px 0px 100px 0px;}.elementor-904 .elementor-element.elementor-element-28836e5{color:var( --e-global-color-primary );}:root{--page-title-display:none;}@media(max-width:767px){.elementor-904 .elementor-element.elementor-element-7e1f1d8 .elementor-heading-title{font-size:50px;}.elementor-904 .elementor-element.elementor-element-d98456f .elementor-icon-list-item > .elementor-icon-list-text, .elementor-904 .elementor-element.elementor-element-d98456f .elementor-icon-list-item > a{font-size:20px;}}<\/style>\t\t<div data-elementor-type=\"wp-page\" data-elementor-id=\"904\" class=\"elementor elementor-904\" data-elementor-post-type=\"page\">\n\t\t\t\t\t\t<section class=\"elementor-section elementor-top-section elementor-element elementor-element-66c999d elementor-section-boxed elementor-section-height-default elementor-section-height-default\" data-id=\"66c999d\" data-element_type=\"section\" data-settings=\"{&quot;background_background&quot;:&quot;classic&quot;}\">\n\t\t\t\t\t\t\t<div class=\"elementor-background-overlay\"><\/div>\n\t\t\t\t\t\t\t<div class=\"elementor-container elementor-column-gap-default\">\n\t\t\t\t\t<div class=\"elementor-column elementor-col-100 elementor-top-column elementor-element elementor-element-da88487\" data-id=\"da88487\" data-element_type=\"column\">\n\t\t\t<div class=\"elementor-widget-wrap elementor-element-populated\">\n\t\t\t\t\t\t<div class=\"elementor-element elementor-element-7e1f1d8 elementor-invisible elementor-widget elementor-widget-heading\" data-id=\"7e1f1d8\" data-element_type=\"widget\" data-settings=\"{&quot;_animation&quot;:&quot;fadeInUp&quot;}\" data-widget_type=\"heading.default\">\n\t\t\t\t<div class=\"elementor-widget-container\">\n\t\t\t\t\t<h2 class=\"elementor-heading-title elementor-size-default\">Cookie-Richtlinie<\/h2>\t\t\t\t<\/div>\n\t\t\t\t<\/div>\n\t\t\t\t<div class=\"elementor-element elementor-element-d98456f elementor-icon-list--layout-inline elementor-align-center elementor-list-item-link-full_width elementor-invisible elementor-widget elementor-widget-icon-list\" data-id=\"d98456f\" data-element_type=\"widget\" data-settings=\"{&quot;_animation&quot;:&quot;fadeInUp&quot;}\" data-widget_type=\"icon-list.default\">\n\t\t\t\t<div class=\"elementor-widget-container\">\n\t\t\t\t\t\t\t<ul class=\"elementor-icon-list-items elementor-inline-items\">\n\t\t\t\t\t\t\t<li class=\"elementor-icon-list-item elementor-inline-item\">\n\t\t\t\t\t\t\t\t\t\t\t<a href=\"#\">\n\n\t\t\t\t\t\t\t\t\t\t\t<span class=\"elementor-icon-list-text\">Startseite<\/span>\n\t\t\t\t\t\t\t\t\t\t\t<\/a>\n\t\t\t\t\t\t\t\t\t<\/li>\n\t\t\t\t\t\t\t\t<li class=\"elementor-icon-list-item elementor-inline-item\">\n\t\t\t\t\t\t\t\t\t\t\t<span class=\"elementor-icon-list-icon\">\n\t\t\t\t\t\t\t<svg aria-hidden=\"true\" class=\"e-font-icon-svg e-fas-angle-double-right\" viewbox=\"0 0 448 512\" xmlns=\"http:\/\/www.w3.org\/2000\/svg\"><path d=\"M224.3 273l-136 136c-9.4 9.4-24.6 9.4-33.9 0l-22.6-22.6c-9.4-9.4-9.4-24.6 0-33.9l96.4-96.4-96.4-96.4c-9.4-9.4-9.4-24.6 0-33.9L54.3 103c9.4-9.4 24.6-9.4 33.9 0l136 136c9.5 9.4 9.5 24.6.1 34zm192-34l-136-136c-9.4-9.4-24.6-9.4-33.9 0l-22.6 22.6c-9.4 9.4-9.4 24.6 0 33.9l96.4 96.4-96.4 96.4c-9.4 9.4-9.4 24.6 0 33.9l22.6 22.6c9.4 9.4 24.6 9.4 33.9 0l136-136c9.4-9.2 9.4-24.4 0-33.8z\"><\/path><\/svg>\t\t\t\t\t\t<\/span>\n\t\t\t\t\t\t\t\t\t\t<span class=\"elementor-icon-list-text\"><\/span>\n\t\t\t\t\t\t\t\t\t<\/li>\n\t\t\t\t\t\t\t\t<li class=\"elementor-icon-list-item elementor-inline-item\">\n\t\t\t\t\t\t\t\t\t\t<span class=\"elementor-icon-list-text\">Cookie-Richtlinie<\/span>\n\t\t\t\t\t\t\t\t\t<\/li>\n\t\t\t\t\t\t<\/ul>\n\t\t\t\t\t\t<\/div>\n\t\t\t\t<\/div>\n\t\t\t\t\t<\/div>\n\t\t<\/div>\n\t\t\t\t\t<\/div>\n\t\t<\/section>\n\t\t<div class=\"elementor-element elementor-element-e1f6cd3 e-flex e-con-boxed e-con e-parent\" data-id=\"e1f6cd3\" data-element_type=\"container\">\n\t\t\t\t\t<div class=\"e-con-inner\">\n\t\t\t\t<div class=\"elementor-element elementor-element-28836e5 elementor-widget elementor-widget-text-editor\" data-id=\"28836e5\" data-element_type=\"widget\" data-widget_type=\"text-editor.default\">\n\t\t\t\t<div class=\"elementor-widget-container\">\n\t\t\t\t\t\t\t\t\t<p data-pm-slice=\"1 1 []\"><strong>1.<\/strong> Dieses Dokument beschreibt die Verwendung von Cookies durch STYX SRL mit Sitz in Verona, Italien. Die Nutzung unserer Website setzt die Akzeptanz dieser Cookie-Richtlinie voraus.<\/p><p><strong>2. Was sind Cookies?<\/strong> Cookies sind kleine Textdateien, die auf dem Ger\u00e4t des Benutzers gespeichert werden, wenn er eine Website besucht. Sie dienen dazu, das Surferlebnis zu verbessern und Informationen f\u00fcr statistische und Marketingzwecke zu sammeln.<\/p><p><strong>3. Verwendete Cookie-Typen<\/strong><\/p><ul data-spread=\"false\"><li><p><strong>Technische Cookies<\/strong>Wesentlich f\u00fcr das ordnungsgem\u00e4\u00dfe Funktionieren der Website. Diese Cookies erfordern nicht die Zustimmung des Benutzers.<\/p><\/li><li><p><strong>Analyse-Cookies<\/strong>Sie sammeln anonyme Informationen dar\u00fcber, wie Benutzer die Website nutzen, um die Leistung zu verbessern.<\/p><\/li><li><p><strong>Profiling Cookies<\/strong>Wird verwendet, um das Benutzererlebnis zu personalisieren und Inhalte sowie Werbung gem\u00e4\u00df den Pr\u00e4ferenzen anzuzeigen.<\/p><\/li><li><p><strong>Cookies von Dritten<\/strong>Von externen Diensten installiert (z. B. soziale Medien, Analysetools, Werbung).<\/p><\/li><\/ul><p><strong>4. Cookie-Verwaltung<\/strong> Der Benutzer kann die Verwendung von Cookies \u00fcber die Browsereinstellungen oder das beim Zugriff auf die Website angezeigte Zustimmungsbanner akzeptieren, ablehnen oder anpassen.<\/p><p><strong>5. \u00c4nderungen an der Cookie-Richtlinie<\/strong> STYX SRL beh\u00e4lt sich das Recht vor, diese Richtlinie jederzeit zu aktualisieren. Die \u00c4nderungen werden auf dieser Seite ver\u00f6ffentlicht.<\/p><p><strong>Kontakt<\/strong> F\u00fcr weitere Informationen kontaktieren Sie uns unter info@styxsrl.it.<\/p>\t\t\t\t\t\t\t\t<\/div>\n\t\t\t\t<\/div>\n\t\t\t\t\t<\/div>\n\t\t\t\t<\/div>\n\t\t\t\t<\/div>","protected":false},"excerpt":{"rendered":"<p>Politica sui cookie Home Politica sui cookie 1. Il presente documento descrive l\u2019uso dei cookie da parte di STYX SRL, con sede a Verona, Italia. L\u2019uso del nostro sito web implica l\u2019accettazione della presente Politica sui Cookie. 2. Cosa sono i Cookie? I cookie sono piccoli file di testo che vengono salvati sul dispositivo dell\u2019utente [&hellip;]<\/p>","protected":false},"author":1,"featured_media":0,"parent":0,"menu_order":0,"comment_status":"closed","ping_status":"closed","template":"","meta":{"footnotes":""},"class_list":["post-904","page","type-page","status-publish","hentry"],"yoast_head":"<!-- This site is optimized with the Yoast SEO plugin v25.3.1 - https:\/\/yoast.com\/wordpress\/plugins\/seo\/ -->\n<title>Politica sui cookie - STYX - Trasporto merci in sicurezza<\/title>\n<meta name=\"robots\" content=\"index, follow, max-snippet:-1, max-image-preview:large, max-video-preview:-1\" \/>\n<link rel=\"canonical\" href=\"https:\/\/styx-delivery.it\/de\/cookie-richtlinie\/\" \/>\n<meta property=\"og:locale\" content=\"de_DE\" \/>\n<meta property=\"og:type\" content=\"article\" \/>\n<meta property=\"og:title\" content=\"Politica sui cookie - STYX - Trasporto merci in sicurezza\" \/>\n<meta property=\"og:description\" content=\"Politica sui cookie Home Politica sui cookie 1. Il presente documento descrive l\u2019uso dei cookie da parte di STYX SRL, con sede a Verona, Italia. L\u2019uso del nostro sito web implica l\u2019accettazione della presente Politica sui Cookie. 2. Cosa sono i Cookie? I cookie sono piccoli file di testo che vengono salvati sul dispositivo dell\u2019utente [&hellip;]\" \/>\n<meta property=\"og:url\" content=\"https:\/\/styx-delivery.it\/de\/cookie-richtlinie\/\" \/>\n<meta property=\"og:site_name\" content=\"STYX - Trasporto merci in sicurezza\" \/>\n<meta property=\"article:modified_time\" content=\"2025-03-14T09:06:29+00:00\" \/>\n<meta name=\"twitter:card\" content=\"summary_large_image\" \/>\n<meta name=\"twitter:label1\" content=\"Gesch\u00e4tzte Lesezeit\" \/>\n\t<meta name=\"twitter:data1\" content=\"1\u00a0Minute\" \/>\n<script type=\"application\/ld+json\" class=\"yoast-schema-graph\">{\"@context\":\"https:\/\/schema.org\",\"@graph\":[{\"@type\":\"WebPage\",\"@id\":\"https:\/\/styx-delivery.it\/politica-sui-cookie\/\",\"url\":\"https:\/\/styx-delivery.it\/politica-sui-cookie\/\",\"name\":\"Politica sui cookie - STYX - Trasporto merci in sicurezza\",\"isPartOf\":{\"@id\":\"https:\/\/styx-delivery.it\/#website\"},\"datePublished\":\"2025-03-12T11:02:04+00:00\",\"dateModified\":\"2025-03-14T09:06:29+00:00\",\"breadcrumb\":{\"@id\":\"https:\/\/styx-delivery.it\/politica-sui-cookie\/#breadcrumb\"},\"inLanguage\":\"de\",\"potentialAction\":[{\"@type\":\"ReadAction\",\"target\":[\"https:\/\/styx-delivery.it\/politica-sui-cookie\/\"]}]},{\"@type\":\"BreadcrumbList\",\"@id\":\"https:\/\/styx-delivery.it\/politica-sui-cookie\/#breadcrumb\",\"itemListElement\":[{\"@type\":\"ListItem\",\"position\":1,\"name\":\"Home\",\"item\":\"https:\/\/styx-delivery.it\/\"},{\"@type\":\"ListItem\",\"position\":2,\"name\":\"Politica sui cookie\"}]},{\"@type\":\"WebSite\",\"@id\":\"https:\/\/styx-delivery.it\/#website\",\"url\":\"https:\/\/styx-delivery.it\/\",\"name\":\"STYX - Trasporto merci in sicurezza\",\"description\":\"\",\"potentialAction\":[{\"@type\":\"SearchAction\",\"target\":{\"@type\":\"EntryPoint\",\"urlTemplate\":\"https:\/\/styx-delivery.it\/?s={search_term_string}\"},\"query-input\":{\"@type\":\"PropertyValueSpecification\",\"valueRequired\":true,\"valueName\":\"search_term_string\"}}],\"inLanguage\":\"de\"}]}<\/script>\n<!-- \/ Yoast SEO plugin. -->","yoast_head_json":{"title":"Politica sui cookie - STYX - Trasporto merci in sicurezza","robots":{"index":"index","follow":"follow","max-snippet":"max-snippet:-1","max-image-preview":"max-image-preview:large","max-video-preview":"max-video-preview:-1"},"canonical":"https:\/\/styx-delivery.it\/de\/cookie-richtlinie\/","og_locale":"de_DE","og_type":"article","og_title":"Politica sui cookie - STYX - Trasporto merci in sicurezza","og_description":"Politica sui cookie Home Politica sui cookie 1. Il presente documento descrive l\u2019uso dei cookie da parte di STYX SRL, con sede a Verona, Italia. L\u2019uso del nostro sito web implica l\u2019accettazione della presente Politica sui Cookie. 2. Cosa sono i Cookie? I cookie sono piccoli file di testo che vengono salvati sul dispositivo dell\u2019utente [&hellip;]","og_url":"https:\/\/styx-delivery.it\/de\/cookie-richtlinie\/","og_site_name":"STYX - Trasporto merci in sicurezza","article_modified_time":"2025-03-14T09:06:29+00:00","twitter_card":"summary_large_image","twitter_misc":{"Gesch\u00e4tzte Lesezeit":"1\u00a0Minute"},"schema":{"@context":"https:\/\/schema.org","@graph":[{"@type":"WebPage","@id":"https:\/\/styx-delivery.it\/politica-sui-cookie\/","url":"https:\/\/styx-delivery.it\/politica-sui-cookie\/","name":"Politica sui cookie - STYX - Trasporto merci in sicurezza","isPartOf":{"@id":"https:\/\/styx-delivery.it\/#website"},"datePublished":"2025-03-12T11:02:04+00:00","dateModified":"2025-03-14T09:06:29+00:00","breadcrumb":{"@id":"https:\/\/styx-delivery.it\/politica-sui-cookie\/#breadcrumb"},"inLanguage":"de","potentialAction":[{"@type":"ReadAction","target":["https:\/\/styx-delivery.it\/politica-sui-cookie\/"]}]},{"@type":"BreadcrumbList","@id":"https:\/\/styx-delivery.it\/politica-sui-cookie\/#breadcrumb","itemListElement":[{"@type":"ListItem","position":1,"name":"Home","item":"https:\/\/styx-delivery.it\/"},{"@type":"ListItem","position":2,"name":"Politica sui cookie"}]},{"@type":"WebSite","@id":"https:\/\/styx-delivery.it\/#website","url":"https:\/\/styx-delivery.it\/","name":"STYX - Trasporto merci in sicurezza","description":"","potentialAction":[{"@type":"SearchAction","target":{"@type":"EntryPoint","urlTemplate":"https:\/\/styx-delivery.it\/?s={search_term_string}"},"query-input":{"@type":"PropertyValueSpecification","valueRequired":true,"valueName":"search_term_string"}}],"inLanguage":"de"}]}},"_links":{"self":[{"href":"https:\/\/styx-delivery.it\/de\/wp-json\/wp\/v2\/pages\/904","targetHints":{"allow":["GET"]}}],"collection":[{"href":"https:\/\/styx-delivery.it\/de\/wp-json\/wp\/v2\/pages"}],"about":[{"href":"https:\/\/styx-delivery.it\/de\/wp-json\/wp\/v2\/types\/page"}],"author":[{"embeddable":true,"href":"https:\/\/styx-delivery.it\/de\/wp-json\/wp\/v2\/users\/1"}],"replies":[{"embeddable":true,"href":"https:\/\/styx-delivery.it\/de\/wp-json\/wp\/v2\/comments?post=904"}],"version-history":[{"count":16,"href":"https:\/\/styx-delivery.it\/de\/wp-json\/wp\/v2\/pages\/904\/revisions"}],"predecessor-version":[{"id":1090,"href":"https:\/\/styx-delivery.it\/de\/wp-json\/wp\/v2\/pages\/904\/revisions\/1090"}],"wp:attachment":[{"href":"https:\/\/styx-delivery.it\/de\/wp-json\/wp\/v2\/media?parent=904"}],"curies":[{"name":"wp","href":"https:\/\/api.w.org\/{rel}","templated":true}]}}