{"id":221,"date":"2024-04-03T08:10:59","date_gmt":"2024-04-03T07:10:59","guid":{"rendered":"https:\/\/styx-delivery.it\/?page_id=221"},"modified":"2025-05-06T19:10:05","modified_gmt":"2025-05-06T18:10:05","slug":"styx-delivery-srl","status":"publish","type":"page","link":"https:\/\/styx-delivery.it\/de\/styx-delivery-srl\/","title":{"rendered":"Datenschutzerkl\u00e4rung"},"content":{"rendered":"<style>.elementor-221 .elementor-element.elementor-element-2b2ff54:not(.elementor-motion-effects-element-type-background), .elementor-221 .elementor-element.elementor-element-2b2ff54 > .elementor-motion-effects-container > .elementor-motion-effects-layer{background-image:url(\"https:\/\/static.vecteezy.com\/system\/resources\/thumbnails\/032\/995\/775\/small\/trucks-driving-on-highway-rural-landscape-dramatic-sunset-transportation-on-road-ai-generative-photo.jpg\");background-position:center center;background-repeat:no-repeat;background-size:cover;}.elementor-221 .elementor-element.elementor-element-2b2ff54 > .elementor-background-overlay{background-color:#282828;opacity:0.702;transition:background 0.3s, border-radius 0.3s, opacity 0.3s;}.elementor-221 .elementor-element.elementor-element-2b2ff54{transition:background 0.3s, border 0.3s, border-radius 0.3s, box-shadow 0.3s;margin-top:0px;margin-bottom:0px;padding:100px 0px 100px 0px;}.elementor-221 .elementor-element.elementor-element-d1e1cbc > .elementor-element-populated{margin:0px 0px 0px 0px;--e-column-margin-right:0px;--e-column-margin-left:0px;padding:0px 0px 0px 0px;}.elementor-221 .elementor-element.elementor-element-96092cd > .elementor-widget-container{margin:0px 0px 0px 0px;padding:0px 0px 0px 0px;}.elementor-221 .elementor-element.elementor-element-96092cd{text-align:center;}.elementor-221 .elementor-element.elementor-element-96092cd .elementor-heading-title{font-family:\"Poppins\", Sans-serif;font-size:65px;font-weight:700;line-height:1em;letter-spacing:0px;color:var( --e-global-color-secondary );}.elementor-221 .elementor-element.elementor-element-2a3aded > .elementor-widget-container{margin:20px 0px 0px 0px;padding:0px 0px 0px 0px;}.elementor-221 .elementor-element.elementor-element-2a3aded .elementor-icon-list-icon i{color:var( --e-global-color-secondary );transition:color 0.3s;}.elementor-221 .elementor-element.elementor-element-2a3aded .elementor-icon-list-icon svg{fill:var( --e-global-color-secondary );transition:fill 0.3s;}.elementor-221 .elementor-element.elementor-element-2a3aded{--e-icon-list-icon-size:30px;--icon-vertical-offset:0px;}.elementor-221 .elementor-element.elementor-element-2a3aded .elementor-icon-list-item > .elementor-icon-list-text, .elementor-221 .elementor-element.elementor-element-2a3aded .elementor-icon-list-item > a{font-family:\"Roboto\", Sans-serif;font-size:20px;font-weight:500;line-height:1em;letter-spacing:0px;}.elementor-221 .elementor-element.elementor-element-2a3aded .elementor-icon-list-text{color:var( --e-global-color-secondary );transition:color 0.3s;}.elementor-221 .elementor-element.elementor-element-2a3aded .elementor-icon-list-item:hover .elementor-icon-list-text{color:var( --e-global-color-text );}.elementor-221 .elementor-element.elementor-element-7c69590{--display:flex;--flex-direction:column;--container-widget-width:100%;--container-widget-height:initial;--container-widget-flex-grow:0;--container-widget-align-self:initial;--flex-wrap-mobile:wrap;}.elementor-221 .elementor-element.elementor-element-28836e5 > .elementor-widget-container{margin:80px 0px 100px 0px;}.elementor-221 .elementor-element.elementor-element-28836e5{color:var( --e-global-color-primary );}:root{--page-title-display:none;}@media(max-width:767px){.elementor-221 .elementor-element.elementor-element-96092cd .elementor-heading-title{font-size:50px;}.elementor-221 .elementor-element.elementor-element-2a3aded .elementor-icon-list-item > .elementor-icon-list-text, .elementor-221 .elementor-element.elementor-element-2a3aded .elementor-icon-list-item > a{font-size:20px;}}<\/style>\t\t<div data-elementor-type=\"wp-page\" data-elementor-id=\"221\" class=\"elementor elementor-221\" data-elementor-post-type=\"page\">\n\t\t\t\t\t\t<section class=\"elementor-section elementor-top-section elementor-element elementor-element-2b2ff54 elementor-section-boxed elementor-section-height-default elementor-section-height-default\" data-id=\"2b2ff54\" data-element_type=\"section\" data-settings=\"{&quot;background_background&quot;:&quot;classic&quot;}\">\n\t\t\t\t\t\t\t<div class=\"elementor-background-overlay\"><\/div>\n\t\t\t\t\t\t\t<div class=\"elementor-container elementor-column-gap-default\">\n\t\t\t\t\t<div class=\"elementor-column elementor-col-100 elementor-top-column elementor-element elementor-element-d1e1cbc\" data-id=\"d1e1cbc\" data-element_type=\"column\">\n\t\t\t<div class=\"elementor-widget-wrap elementor-element-populated\">\n\t\t\t\t\t\t<div class=\"elementor-element elementor-element-96092cd elementor-invisible elementor-widget elementor-widget-heading\" data-id=\"96092cd\" data-element_type=\"widget\" data-settings=\"{&quot;_animation&quot;:&quot;fadeInUp&quot;}\" data-widget_type=\"heading.default\">\n\t\t\t\t<div class=\"elementor-widget-container\">\n\t\t\t\t\t<h2 class=\"elementor-heading-title elementor-size-default\">Datenschutzerkl\u00e4rung<\/h2>\t\t\t\t<\/div>\n\t\t\t\t<\/div>\n\t\t\t\t<div class=\"elementor-element elementor-element-2a3aded elementor-icon-list--layout-inline elementor-align-center elementor-list-item-link-full_width elementor-invisible elementor-widget elementor-widget-icon-list\" data-id=\"2a3aded\" data-element_type=\"widget\" data-settings=\"{&quot;_animation&quot;:&quot;fadeInUp&quot;}\" data-widget_type=\"icon-list.default\">\n\t\t\t\t<div class=\"elementor-widget-container\">\n\t\t\t\t\t\t\t<ul class=\"elementor-icon-list-items elementor-inline-items\">\n\t\t\t\t\t\t\t<li class=\"elementor-icon-list-item elementor-inline-item\">\n\t\t\t\t\t\t\t\t\t\t\t<a href=\"https:\/\/styx-delivery.it\/de\">\n\n\t\t\t\t\t\t\t\t\t\t\t<span class=\"elementor-icon-list-text\">Startseite<\/span>\n\t\t\t\t\t\t\t\t\t\t\t<\/a>\n\t\t\t\t\t\t\t\t\t<\/li>\n\t\t\t\t\t\t\t\t<li class=\"elementor-icon-list-item elementor-inline-item\">\n\t\t\t\t\t\t\t\t\t\t\t<span class=\"elementor-icon-list-icon\">\n\t\t\t\t\t\t\t<svg aria-hidden=\"true\" class=\"e-font-icon-svg e-fas-angle-double-right\" viewbox=\"0 0 448 512\" xmlns=\"http:\/\/www.w3.org\/2000\/svg\"><path d=\"M224.3 273l-136 136c-9.4 9.4-24.6 9.4-33.9 0l-22.6-22.6c-9.4-9.4-9.4-24.6 0-33.9l96.4-96.4-96.4-96.4c-9.4-9.4-9.4-24.6 0-33.9L54.3 103c9.4-9.4 24.6-9.4 33.9 0l136 136c9.5 9.4 9.5 24.6.1 34zm192-34l-136-136c-9.4-9.4-24.6-9.4-33.9 0l-22.6 22.6c-9.4 9.4-9.4 24.6 0 33.9l96.4 96.4-96.4 96.4c-9.4 9.4-9.4 24.6 0 33.9l22.6 22.6c9.4 9.4 24.6 9.4 33.9 0l136-136c9.4-9.2 9.4-24.4 0-33.8z\"><\/path><\/svg>\t\t\t\t\t\t<\/span>\n\t\t\t\t\t\t\t\t\t\t<span class=\"elementor-icon-list-text\"><\/span>\n\t\t\t\t\t\t\t\t\t<\/li>\n\t\t\t\t\t\t\t\t<li class=\"elementor-icon-list-item elementor-inline-item\">\n\t\t\t\t\t\t\t\t\t\t\t<a href=\"https:\/\/styx-delivery.it\/de\/cookie-richtlinie\/\">\n\n\t\t\t\t\t\t\t\t\t\t\t<span class=\"elementor-icon-list-text\">Cookie-Richtlinie<\/span>\n\t\t\t\t\t\t\t\t\t\t\t<\/a>\n\t\t\t\t\t\t\t\t\t<\/li>\n\t\t\t\t\t\t<\/ul>\n\t\t\t\t\t\t<\/div>\n\t\t\t\t<\/div>\n\t\t\t\t\t<\/div>\n\t\t<\/div>\n\t\t\t\t\t<\/div>\n\t\t<\/section>\n\t\t<div class=\"elementor-element elementor-element-7c69590 e-flex e-con-boxed e-con e-parent\" data-id=\"7c69590\" data-element_type=\"container\">\n\t\t\t\t\t<div class=\"e-con-inner\">\n\t\t\t\t<div class=\"elementor-element elementor-element-28836e5 elementor-widget elementor-widget-text-editor\" data-id=\"28836e5\" data-element_type=\"widget\" data-widget_type=\"text-editor.default\">\n\t\t\t\t<div class=\"elementor-widget-container\">\n\t\t\t\t\t\t\t\t\t<p data-start=\"195\" data-end=\"242\">Letzte Aktualisierung: 14.03.2025<\/p><p data-start=\"244\" data-end=\"544\">Der Schutz Ihrer pers\u00f6nlichen Daten ist uns wichtig. Diese Datenschutzrichtlinie beschreibt, wie wir die pers\u00f6nlichen Informationen der Nutzer unserer Website erfassen, verwenden, speichern und sch\u00fctzen. Durch die Nutzung unserer Website stimmen Sie den in dieser Richtlinie beschriebenen Bedingungen zu.<\/p><p data-start=\"546\" data-end=\"586\"><strong data-start=\"546\" data-end=\"586\">1. Verantwortlicher f\u00fcr die Datenverarbeitung<\/strong><\/p><p data-start=\"588\" data-end=\"806\">Der Verantwortliche f\u00fcr die Verarbeitung der \u00fcber unsere Website erhobenen personenbezogenen Daten ist:<br data-start=\"673\" data-end=\"676\" \/>STYX SRL<br data-start=\"698\" data-end=\"701\" \/>Verona (VR), Via Gaspare Del Carretto 18, PLZ 37136<br data-start=\"753\" data-end=\"756\" \/>info@styxsrl.it<br data-start=\"773\" data-end=\"776\" \/>+39 351 961 9634<\/p><p data-start=\"808\" data-end=\"838\"><strong data-start=\"808\" data-end=\"838\">2. Erhobene personenbezogene Daten<\/strong><\/p><p data-start=\"840\" data-end=\"878\">Wir erfassen die folgenden personenbezogenen Daten:<\/p><ul data-start=\"880\" data-end=\"1291\"><li data-start=\"880\" data-end=\"1089\"><strong data-start=\"882\" data-end=\"905\">Navigationsdaten<\/strong>Automatisch erfasste Informationen w\u00e4hrend der Nutzung der Website, wie IP-Adressen, Browsertyp, Besuchszeit und weitere Details zur Interaktion mit der Website.<\/li><li data-start=\"1090\" data-end=\"1291\"><strong data-start=\"1092\" data-end=\"1136\">Vom Benutzer freiwillig bereitgestellte Daten<\/strong>Informationen, die erfasst werden, wenn der Benutzer Formulare ausf\u00fcllt, Anfragen sendet oder sich registriert, wie Name, E-Mail-Adresse, Telefonnummer und Unternehmensdetails.<\/li><\/ul><p data-start=\"1293\" data-end=\"1333\"><strong data-start=\"1293\" data-end=\"1333\">3. Zweck der Datenverarbeitung<\/strong><\/p><p data-start=\"1335\" data-end=\"1405\">Die gesammelten personenbezogenen Daten werden f\u00fcr die folgenden Zwecke verwendet:<\/p><ul data-start=\"1407\" data-end=\"1750\"><li data-start=\"1407\" data-end=\"1463\">Bereitstellung der \u00fcber unsere Website angeforderten Dienstleistungen.<\/li><li data-start=\"1464\" data-end=\"1515\">Verwalten und Beantworten von Benutzeranfragen.<\/li><li data-start=\"1516\" data-end=\"1587\">Die Nutzung der Website analysieren und die Benutzererfahrung verbessern.<\/li><li data-start=\"1588\" data-end=\"1701\">Kommunikationen \u00fcber die von unserem Unternehmen angebotenen Dienstleistungen senden (wenn der Benutzer seine Zustimmung gegeben hat).<\/li><li data-start=\"1702\" data-end=\"1750\">Erf\u00fcllung gesetzlicher und vertraglicher Verpflichtungen.<\/li><\/ul><p data-start=\"1752\" data-end=\"1789\"><strong data-start=\"1752\" data-end=\"1789\">4. Rechtliche Grundlage der Verarbeitung<\/strong><\/p><p data-start=\"1791\" data-end=\"1871\">Die Verarbeitung personenbezogener Daten erfolgt auf der Grundlage der folgenden Gr\u00fcnde:<\/p><ul data-start=\"1873\" data-end=\"2102\"><li data-start=\"1873\" data-end=\"1930\">Erf\u00fcllung eines Vertrags oder vorvertraglicher Ma\u00dfnahmen.<\/li><li data-start=\"1931\" data-end=\"1964\">Erf\u00fcllung gesetzlicher Verpflichtungen.<\/li><li data-start=\"1965\" data-end=\"2102\">Zustimmung des Benutzers (wenn der Benutzer seine ausdr\u00fcckliche Zustimmung f\u00fcr Marketingzwecke oder andere spezifische Zwecke gegeben hat).<\/li><\/ul><p data-start=\"2104\" data-end=\"2133\"><strong data-start=\"2104\" data-end=\"2133\">5. Aufbewahrung der Daten<\/strong><\/p><p data-start=\"2135\" data-end=\"2392\">Personenbezogene Daten werden so lange aufbewahrt, wie es zur Erf\u00fcllung der Zwecke, f\u00fcr die sie erhoben wurden, erforderlich ist, gem\u00e4\u00df den geltenden Gesetzen. Anschlie\u00dfend werden die Daten gel\u00f6scht oder anonymisiert, es sei denn, gesetzliche Verpflichtungen erfordern etwas anderes.<\/p><p data-start=\"2394\" data-end=\"2432\"><strong data-start=\"2394\" data-end=\"2432\">6. Weitergabe personenbezogener Daten<\/strong><\/p><p data-start=\"2434\" data-end=\"2515\">Wir werden Ihre personenbezogenen Daten nicht mit Dritten teilen, au\u00dfer in den folgenden F\u00e4llen:<\/p><ul data-start=\"2517\" data-end=\"2872\"><li data-start=\"2517\" data-end=\"2568\">Falls erforderlich, um gesetzlichen Verpflichtungen nachzukommen.<\/li><li data-start=\"2569\" data-end=\"2733\">Falls erforderlich f\u00fcr die Bereitstellung von Dienstleistungen, wie im Falle von Kooperationen mit externen Anbietern (z. B. Hosting-Anbieter oder technische Unterst\u00fctzung).<\/li><li data-start=\"2734\" data-end=\"2872\">Im Falle eines Unternehmensverkaufs, einer Fusion oder einer Unternehmensumstrukturierung k\u00f6nnen die Daten an Dritte weitergegeben werden, die am Prozess beteiligt sind.<\/li><\/ul><p data-start=\"2874\" data-end=\"2905\"><strong data-start=\"2874\" data-end=\"2905\">7. Rechte der betroffenen Person<\/strong><\/p><p data-start=\"2907\" data-end=\"2968\">Nach geltendem Recht hat der Benutzer das Recht,<\/p><ul data-start=\"2970\" data-end=\"3365\"><li data-start=\"2970\" data-end=\"3006\">Auf seine personenbezogenen Daten zugreifen.<\/li><li data-start=\"3007\" data-end=\"3068\">Die Berichtigung oder L\u00f6schung ihrer Daten verlangen.<\/li><li data-start=\"3069\" data-end=\"3121\">Die Verarbeitung ihrer Daten einschr\u00e4nken oder widersprechen.<\/li><li data-start=\"3122\" data-end=\"3159\">Die \u00dcbertragbarkeit der Daten anfordern.<\/li><li data-start=\"3160\" data-end=\"3302\">Die erteilte Einwilligung jederzeit widerrufen (ohne die Rechtm\u00e4\u00dfigkeit der Verarbeitung vor dem Widerruf zu beeintr\u00e4chtigen).<\/li><li data-start=\"3303\" data-end=\"3365\">Eine Beschwerde bei der Datenschutzbeh\u00f6rde einreichen.<\/li><\/ul><p data-start=\"3367\" data-end=\"3481\">Um diese Rechte auszu\u00fcben, k\u00f6nnen Sie uns \u00fcber die unten angegebenen Kontaktdaten erreichen.<\/p><p data-start=\"3483\" data-end=\"3508\"><strong data-start=\"3483\" data-end=\"3508\">8. Datensicherheit<\/strong><\/p><p data-start=\"3510\" data-end=\"3769\">Wir ergreifen angemessene Sicherheitsma\u00dfnahmen, um Ihre personenbezogenen Daten vor unbefugtem Zugriff, Verlust oder Besch\u00e4digung zu sch\u00fctzen. Allerdings ist keine Methode der elektronischen \u00dcbertragung oder Speicherung zu 100 % sicher, daher k\u00f6nnen wir die absolute Sicherheit nicht garantieren.<\/p><p data-start=\"3771\" data-end=\"3815\"><strong data-start=\"3771\" data-end=\"3815\">9. \u00c4nderungen der Datenschutzrichtlinie<\/strong><\/p><p data-start=\"3817\" data-end=\"4012\">Wir behalten uns das Recht vor, diese Datenschutzrichtlinie jederzeit zu aktualisieren. Alle \u00c4nderungen werden auf dieser Seite ver\u00f6ffentlicht, mit dem Datum der letzten Aktualisierung.<\/p><p data-start=\"4014\" data-end=\"4030\"><strong data-start=\"4014\" data-end=\"4030\">10. Kontakt<\/strong><\/p><p data-start=\"4032\" data-end=\"4178\">Bei Fragen oder Anfragen zu dieser Datenschutzrichtlinie oder der Verarbeitung Ihrer personenbezogenen Daten k\u00f6nnen Sie uns unter den folgenden Kontaktdaten erreichen:<\/p><p data-start=\"4180\" data-end=\"4294\">STYX SRL<br data-start=\"4202\" data-end=\"4205\" \/>Verona (VR), Via Gaspare Del Carretto 18, PLZ 37136<br data-start=\"4241\" data-end=\"4244\" \/>info@styxsrl.it<br data-start=\"4261\" data-end=\"4264\" \/>+39 351 961 9634<\/p>\t\t\t\t\t\t\t\t<\/div>\n\t\t\t\t<\/div>\n\t\t\t\t\t<\/div>\n\t\t\t\t<\/div>\n\t\t\t\t<\/div>","protected":false},"excerpt":{"rendered":"<p>Politica sulla privacy Home Politica sui cookie Ultimo aggiornamento: 14.03.2025 La protezione dei tuoi dati personali \u00e8 importante per noi. La presente Politica sulla Privacy descrive come raccogliamo, utilizziamo, conserviamo e proteggiamo le informazioni personali degli utenti del nostro sito web. Utilizzando il nostro sito, accetti le condizioni descritte in questa politica. 1. Titolare del [&hellip;]<\/p>","protected":false},"author":1,"featured_media":0,"parent":0,"menu_order":0,"comment_status":"closed","ping_status":"closed","template":"","meta":{"footnotes":""},"class_list":["post-221","page","type-page","status-publish","hentry"],"yoast_head":"<!-- This site is optimized with the Yoast SEO plugin v25.3.1 - https:\/\/yoast.com\/wordpress\/plugins\/seo\/ -->\n<title>Politica sulla privacy - STYX - Trasporto merci in sicurezza<\/title>\n<meta name=\"robots\" content=\"index, follow, max-snippet:-1, max-image-preview:large, max-video-preview:-1\" \/>\n<link rel=\"canonical\" href=\"https:\/\/styx-delivery.it\/de\/styx-delivery-srl\/\" \/>\n<meta property=\"og:locale\" content=\"de_DE\" \/>\n<meta property=\"og:type\" content=\"article\" \/>\n<meta property=\"og:title\" content=\"Politica sulla privacy - STYX - Trasporto merci in sicurezza\" \/>\n<meta property=\"og:description\" content=\"Politica sulla privacy Home Politica sui cookie Ultimo aggiornamento: 14.03.2025 La protezione dei tuoi dati personali \u00e8 importante per noi. La presente Politica sulla Privacy descrive come raccogliamo, utilizziamo, conserviamo e proteggiamo le informazioni personali degli utenti del nostro sito web. Utilizzando il nostro sito, accetti le condizioni descritte in questa politica. 1. Titolare del [&hellip;]\" \/>\n<meta property=\"og:url\" content=\"https:\/\/styx-delivery.it\/de\/styx-delivery-srl\/\" \/>\n<meta property=\"og:site_name\" content=\"STYX - Trasporto merci in sicurezza\" \/>\n<meta property=\"article:modified_time\" content=\"2025-05-06T18:10:05+00:00\" \/>\n<meta name=\"twitter:card\" content=\"summary_large_image\" \/>\n<meta name=\"twitter:label1\" content=\"Gesch\u00e4tzte Lesezeit\" \/>\n\t<meta name=\"twitter:data1\" content=\"3\u00a0Minuten\" \/>\n<script type=\"application\/ld+json\" class=\"yoast-schema-graph\">{\"@context\":\"https:\/\/schema.org\",\"@graph\":[{\"@type\":\"WebPage\",\"@id\":\"https:\/\/styx-delivery.it\/styx-delivery-srl\/\",\"url\":\"https:\/\/styx-delivery.it\/styx-delivery-srl\/\",\"name\":\"Politica sulla privacy - STYX - Trasporto merci in sicurezza\",\"isPartOf\":{\"@id\":\"https:\/\/styx-delivery.it\/#website\"},\"datePublished\":\"2024-04-03T07:10:59+00:00\",\"dateModified\":\"2025-05-06T18:10:05+00:00\",\"breadcrumb\":{\"@id\":\"https:\/\/styx-delivery.it\/styx-delivery-srl\/#breadcrumb\"},\"inLanguage\":\"de\",\"potentialAction\":[{\"@type\":\"ReadAction\",\"target\":[\"https:\/\/styx-delivery.it\/styx-delivery-srl\/\"]}]},{\"@type\":\"BreadcrumbList\",\"@id\":\"https:\/\/styx-delivery.it\/styx-delivery-srl\/#breadcrumb\",\"itemListElement\":[{\"@type\":\"ListItem\",\"position\":1,\"name\":\"Home\",\"item\":\"https:\/\/styx-delivery.it\/\"},{\"@type\":\"ListItem\",\"position\":2,\"name\":\"Politica sulla privacy\"}]},{\"@type\":\"WebSite\",\"@id\":\"https:\/\/styx-delivery.it\/#website\",\"url\":\"https:\/\/styx-delivery.it\/\",\"name\":\"STYX - Trasporto merci in sicurezza\",\"description\":\"\",\"potentialAction\":[{\"@type\":\"SearchAction\",\"target\":{\"@type\":\"EntryPoint\",\"urlTemplate\":\"https:\/\/styx-delivery.it\/?s={search_term_string}\"},\"query-input\":{\"@type\":\"PropertyValueSpecification\",\"valueRequired\":true,\"valueName\":\"search_term_string\"}}],\"inLanguage\":\"de\"}]}<\/script>\n<!-- \/ Yoast SEO plugin. -->","yoast_head_json":{"title":"Politica sulla privacy - STYX - Trasporto merci in sicurezza","robots":{"index":"index","follow":"follow","max-snippet":"max-snippet:-1","max-image-preview":"max-image-preview:large","max-video-preview":"max-video-preview:-1"},"canonical":"https:\/\/styx-delivery.it\/de\/styx-delivery-srl\/","og_locale":"de_DE","og_type":"article","og_title":"Politica sulla privacy - STYX - Trasporto merci in sicurezza","og_description":"Politica sulla privacy Home Politica sui cookie Ultimo aggiornamento: 14.03.2025 La protezione dei tuoi dati personali \u00e8 importante per noi. La presente Politica sulla Privacy descrive come raccogliamo, utilizziamo, conserviamo e proteggiamo le informazioni personali degli utenti del nostro sito web. Utilizzando il nostro sito, accetti le condizioni descritte in questa politica. 1. Titolare del [&hellip;]","og_url":"https:\/\/styx-delivery.it\/de\/styx-delivery-srl\/","og_site_name":"STYX - Trasporto merci in sicurezza","article_modified_time":"2025-05-06T18:10:05+00:00","twitter_card":"summary_large_image","twitter_misc":{"Gesch\u00e4tzte Lesezeit":"3\u00a0Minuten"},"schema":{"@context":"https:\/\/schema.org","@graph":[{"@type":"WebPage","@id":"https:\/\/styx-delivery.it\/styx-delivery-srl\/","url":"https:\/\/styx-delivery.it\/styx-delivery-srl\/","name":"Politica sulla privacy - STYX - Trasporto merci in sicurezza","isPartOf":{"@id":"https:\/\/styx-delivery.it\/#website"},"datePublished":"2024-04-03T07:10:59+00:00","dateModified":"2025-05-06T18:10:05+00:00","breadcrumb":{"@id":"https:\/\/styx-delivery.it\/styx-delivery-srl\/#breadcrumb"},"inLanguage":"de","potentialAction":[{"@type":"ReadAction","target":["https:\/\/styx-delivery.it\/styx-delivery-srl\/"]}]},{"@type":"BreadcrumbList","@id":"https:\/\/styx-delivery.it\/styx-delivery-srl\/#breadcrumb","itemListElement":[{"@type":"ListItem","position":1,"name":"Home","item":"https:\/\/styx-delivery.it\/"},{"@type":"ListItem","position":2,"name":"Politica sulla privacy"}]},{"@type":"WebSite","@id":"https:\/\/styx-delivery.it\/#website","url":"https:\/\/styx-delivery.it\/","name":"STYX - Trasporto merci in sicurezza","description":"","potentialAction":[{"@type":"SearchAction","target":{"@type":"EntryPoint","urlTemplate":"https:\/\/styx-delivery.it\/?s={search_term_string}"},"query-input":{"@type":"PropertyValueSpecification","valueRequired":true,"valueName":"search_term_string"}}],"inLanguage":"de"}]}},"_links":{"self":[{"href":"https:\/\/styx-delivery.it\/de\/wp-json\/wp\/v2\/pages\/221","targetHints":{"allow":["GET"]}}],"collection":[{"href":"https:\/\/styx-delivery.it\/de\/wp-json\/wp\/v2\/pages"}],"about":[{"href":"https:\/\/styx-delivery.it\/de\/wp-json\/wp\/v2\/types\/page"}],"author":[{"embeddable":true,"href":"https:\/\/styx-delivery.it\/de\/wp-json\/wp\/v2\/users\/1"}],"replies":[{"embeddable":true,"href":"https:\/\/styx-delivery.it\/de\/wp-json\/wp\/v2\/comments?post=221"}],"version-history":[{"count":38,"href":"https:\/\/styx-delivery.it\/de\/wp-json\/wp\/v2\/pages\/221\/revisions"}],"predecessor-version":[{"id":1230,"href":"https:\/\/styx-delivery.it\/de\/wp-json\/wp\/v2\/pages\/221\/revisions\/1230"}],"wp:attachment":[{"href":"https:\/\/styx-delivery.it\/de\/wp-json\/wp\/v2\/media?parent=221"}],"curies":[{"name":"wp","href":"https:\/\/api.w.org\/{rel}","templated":true}]}}