{"id":213,"date":"2024-04-03T08:09:41","date_gmt":"2024-04-03T07:09:41","guid":{"rendered":"https:\/\/styx-delivery.it\/?page_id=213"},"modified":"2025-03-15T10:02:05","modified_gmt":"2025-03-15T10:02:05","slug":"allgemeine-bedingungen","status":"publish","type":"page","link":"https:\/\/styx-delivery.it\/de\/allgemeine-bedingungen\/","title":{"rendered":"Allgemeine Gesch\u00e4ftsbedingungen"},"content":{"rendered":"<style>.elementor-213 .elementor-element.elementor-element-9b152ef:not(.elementor-motion-effects-element-type-background), .elementor-213 .elementor-element.elementor-element-9b152ef > .elementor-motion-effects-container > .elementor-motion-effects-layer{background-image:url(\"https:\/\/static.vecteezy.com\/system\/resources\/thumbnails\/032\/995\/775\/small\/trucks-driving-on-highway-rural-landscape-dramatic-sunset-transportation-on-road-ai-generative-photo.jpg\");background-position:center center;background-repeat:no-repeat;background-size:cover;}.elementor-213 .elementor-element.elementor-element-9b152ef > .elementor-background-overlay{background-color:#282828;opacity:0.702;transition:background 0.3s, border-radius 0.3s, opacity 0.3s;}.elementor-213 .elementor-element.elementor-element-9b152ef{transition:background 0.3s, border 0.3s, border-radius 0.3s, box-shadow 0.3s;margin-top:0px;margin-bottom:0px;padding:100px 0px 100px 0px;}.elementor-213 .elementor-element.elementor-element-e6f2179 > .elementor-element-populated{margin:0px 0px 0px 0px;--e-column-margin-right:0px;--e-column-margin-left:0px;padding:0px 0px 0px 0px;}.elementor-213 .elementor-element.elementor-element-a53dd5b > .elementor-widget-container{margin:0px 0px 0px 0px;padding:0px 0px 0px 0px;}.elementor-213 .elementor-element.elementor-element-a53dd5b{text-align:center;}.elementor-213 .elementor-element.elementor-element-a53dd5b .elementor-heading-title{font-family:\"Poppins\", Sans-serif;font-size:65px;font-weight:700;line-height:1em;letter-spacing:0px;color:var( --e-global-color-secondary );}.elementor-213 .elementor-element.elementor-element-d3fb052 > .elementor-widget-container{margin:20px 0px 0px 0px;padding:0px 0px 0px 0px;}.elementor-213 .elementor-element.elementor-element-d3fb052 .elementor-icon-list-icon i{color:var( --e-global-color-secondary );transition:color 0.3s;}.elementor-213 .elementor-element.elementor-element-d3fb052 .elementor-icon-list-icon svg{fill:var( --e-global-color-secondary );transition:fill 0.3s;}.elementor-213 .elementor-element.elementor-element-d3fb052{--e-icon-list-icon-size:30px;--icon-vertical-offset:0px;}.elementor-213 .elementor-element.elementor-element-d3fb052 .elementor-icon-list-item > .elementor-icon-list-text, .elementor-213 .elementor-element.elementor-element-d3fb052 .elementor-icon-list-item > a{font-family:\"Roboto\", Sans-serif;font-size:20px;font-weight:500;line-height:1em;letter-spacing:0px;}.elementor-213 .elementor-element.elementor-element-d3fb052 .elementor-icon-list-text{color:var( --e-global-color-secondary );transition:color 0.3s;}.elementor-213 .elementor-element.elementor-element-d3fb052 .elementor-icon-list-item:hover .elementor-icon-list-text{color:var( --e-global-color-text );}.elementor-213 .elementor-element.elementor-element-fb25053{--display:flex;--flex-direction:column;--container-widget-width:100%;--container-widget-height:initial;--container-widget-flex-grow:0;--container-widget-align-self:initial;--flex-wrap-mobile:wrap;}.elementor-213 .elementor-element.elementor-element-28836e5 > .elementor-widget-container{margin:80px 0px 100px 0px;}.elementor-213 .elementor-element.elementor-element-28836e5{color:var( --e-global-color-primary );}:root{--page-title-display:none;}@media(max-width:767px){.elementor-213 .elementor-element.elementor-element-a53dd5b .elementor-heading-title{font-size:50px;}.elementor-213 .elementor-element.elementor-element-d3fb052 .elementor-icon-list-item > .elementor-icon-list-text, .elementor-213 .elementor-element.elementor-element-d3fb052 .elementor-icon-list-item > a{font-size:20px;}}<\/style>\t\t<div data-elementor-type=\"wp-page\" data-elementor-id=\"213\" class=\"elementor elementor-213\" data-elementor-post-type=\"page\">\n\t\t\t\t\t\t<section class=\"elementor-section elementor-top-section elementor-element elementor-element-9b152ef elementor-section-boxed elementor-section-height-default elementor-section-height-default\" data-id=\"9b152ef\" data-element_type=\"section\" data-settings=\"{&quot;background_background&quot;:&quot;classic&quot;}\">\n\t\t\t\t\t\t\t<div class=\"elementor-background-overlay\"><\/div>\n\t\t\t\t\t\t\t<div class=\"elementor-container elementor-column-gap-default\">\n\t\t\t\t\t<div class=\"elementor-column elementor-col-100 elementor-top-column elementor-element elementor-element-e6f2179\" data-id=\"e6f2179\" data-element_type=\"column\">\n\t\t\t<div class=\"elementor-widget-wrap elementor-element-populated\">\n\t\t\t\t\t\t<div class=\"elementor-element elementor-element-a53dd5b elementor-invisible elementor-widget elementor-widget-heading\" data-id=\"a53dd5b\" data-element_type=\"widget\" data-settings=\"{&quot;_animation&quot;:&quot;fadeInUp&quot;}\" data-widget_type=\"heading.default\">\n\t\t\t\t<div class=\"elementor-widget-container\">\n\t\t\t\t\t<h2 class=\"elementor-heading-title elementor-size-default\">Allgemeine Gesch\u00e4ftsbedingungen<\/h2>\t\t\t\t<\/div>\n\t\t\t\t<\/div>\n\t\t\t\t<div class=\"elementor-element elementor-element-d3fb052 elementor-icon-list--layout-inline elementor-align-center elementor-list-item-link-full_width elementor-invisible elementor-widget elementor-widget-icon-list\" data-id=\"d3fb052\" data-element_type=\"widget\" data-settings=\"{&quot;_animation&quot;:&quot;fadeInUp&quot;}\" data-widget_type=\"icon-list.default\">\n\t\t\t\t<div class=\"elementor-widget-container\">\n\t\t\t\t\t\t\t<ul class=\"elementor-icon-list-items elementor-inline-items\">\n\t\t\t\t\t\t\t<li class=\"elementor-icon-list-item elementor-inline-item\">\n\t\t\t\t\t\t\t\t\t\t\t<a href=\"#\">\n\n\t\t\t\t\t\t\t\t\t\t\t<span class=\"elementor-icon-list-text\">Startseite<\/span>\n\t\t\t\t\t\t\t\t\t\t\t<\/a>\n\t\t\t\t\t\t\t\t\t<\/li>\n\t\t\t\t\t\t\t\t<li class=\"elementor-icon-list-item elementor-inline-item\">\n\t\t\t\t\t\t\t\t\t\t\t<span class=\"elementor-icon-list-icon\">\n\t\t\t\t\t\t\t<svg aria-hidden=\"true\" class=\"e-font-icon-svg e-fas-angle-double-right\" viewbox=\"0 0 448 512\" xmlns=\"http:\/\/www.w3.org\/2000\/svg\"><path d=\"M224.3 273l-136 136c-9.4 9.4-24.6 9.4-33.9 0l-22.6-22.6c-9.4-9.4-9.4-24.6 0-33.9l96.4-96.4-96.4-96.4c-9.4-9.4-9.4-24.6 0-33.9L54.3 103c9.4-9.4 24.6-9.4 33.9 0l136 136c9.5 9.4 9.5 24.6.1 34zm192-34l-136-136c-9.4-9.4-24.6-9.4-33.9 0l-22.6 22.6c-9.4 9.4-9.4 24.6 0 33.9l96.4 96.4-96.4 96.4c-9.4 9.4-9.4 24.6 0 33.9l22.6 22.6c9.4 9.4 24.6 9.4 33.9 0l136-136c9.4-9.2 9.4-24.4 0-33.8z\"><\/path><\/svg>\t\t\t\t\t\t<\/span>\n\t\t\t\t\t\t\t\t\t\t<span class=\"elementor-icon-list-text\"><\/span>\n\t\t\t\t\t\t\t\t\t<\/li>\n\t\t\t\t\t\t\t\t<li class=\"elementor-icon-list-item elementor-inline-item\">\n\t\t\t\t\t\t\t\t\t\t<span class=\"elementor-icon-list-text\">Allgemeine Gesch\u00e4ftsbedingungen<\/span>\n\t\t\t\t\t\t\t\t\t<\/li>\n\t\t\t\t\t\t<\/ul>\n\t\t\t\t\t\t<\/div>\n\t\t\t\t<\/div>\n\t\t\t\t\t<\/div>\n\t\t<\/div>\n\t\t\t\t\t<\/div>\n\t\t<\/section>\n\t\t<div class=\"elementor-element elementor-element-fb25053 e-flex e-con-boxed e-con e-parent\" data-id=\"fb25053\" data-element_type=\"container\">\n\t\t\t\t\t<div class=\"e-con-inner\">\n\t\t\t\t<div class=\"elementor-element elementor-element-28836e5 elementor-widget elementor-widget-text-editor\" data-id=\"28836e5\" data-element_type=\"widget\" data-widget_type=\"text-editor.default\">\n\t\t\t\t<div class=\"elementor-widget-container\">\n\t\t\t\t\t\t\t\t\t<p data-pm-slice=\"1 1 []\"><strong>1. <\/strong>Willkommen auf der Website von STYX SRL mit Sitz in Verona, Italien. Die Nutzung dieser Website setzt die Akzeptanz dieser Allgemeinen Gesch\u00e4ftsbedingungen voraus. Wenn Sie nicht einverstanden sind, bitten wir Sie, unsere Website nicht zu nutzen.<\/p><p><strong>Definitionen<\/strong><\/p><ul data-spread=\"false\"><li><p>\"Gesellschaft\" - STYX SRL, mit Sitz in VERONA (VR), VIA GASPARE DEL CARRETTO 18, PLZ 37136.<\/p><\/li><li><p>\"Benutzer\" - jede Person, die auf die Website zugreift.<\/p><\/li><li><p>\"Dienstleistungen\" - die von der Gesellschaft angebotenen Dienstleistungen, einschlie\u00dflich Verkauf, Vermietung und Logistik von Lkw.<\/p><\/li><\/ul><p><strong>3. Nutzung der Website<\/strong> Benutzer verpflichten sich, die Website nur f\u00fcr legale Zwecke zu nutzen und keine Ma\u00dfnahmen zu ergreifen, die die Sicherheit oder Funktionalit\u00e4t der Website beeintr\u00e4chtigen k\u00f6nnten.<\/p><p><strong>4. Angebotsene Dienstleistungen<\/strong> STYX SRL bietet Verkaufs-, Miet- und Logistikdienstleistungen f\u00fcr Lkw an. Die auf der Website verf\u00fcgbaren Informationen dienen nur zu Informationszwecken und k\u00f6nnen ohne vorherige Ank\u00fcndigung ge\u00e4ndert werden.<\/p><p><strong>5. Datenschutz und Datensicherheit<\/strong> Das Unternehmen h\u00e4lt sich an die italienischen und europ\u00e4ischen Gesetze zum Schutz personenbezogener Daten. Weitere Informationen dar\u00fcber, wie wir Daten sammeln und verwenden, finden Sie in unserer Datenschutzerkl\u00e4rung.<\/p><p><strong>6. Haftungsbeschr\u00e4nkung<\/strong> Das Unternehmen kann nicht f\u00fcr Fehler, Auslassungen oder Verluste, die durch die Nutzung der Website entstehen, verantwortlich gemacht werden. Die Benutzer \u00fcbernehmen die volle Verantwortung f\u00fcr die Nutzung der auf der Website verf\u00fcgbaren Informationen.<\/p><p><strong>7. Geistige Eigentumsrechte<\/strong> Alle Materialien auf dieser Website (Texte, Bilder, Logos) sind urheberrechtlich gesch\u00fctzt und d\u00fcrfen ohne die schriftliche Zustimmung des Unternehmens nicht verwendet werden.<\/p><p><strong>8. \u00c4nderungen der Gesch\u00e4ftsbedingungen<\/strong> Das Unternehmen beh\u00e4lt sich das Recht vor, diese Allgemeinen Gesch\u00e4ftsbedingungen ohne Vorank\u00fcndigung zu \u00e4ndern. Die Benutzer werden aufgefordert, diese Seite regelm\u00e4\u00dfig zu \u00fcberpr\u00fcfen.<\/p><p><strong>9. Anwendbares Recht<\/strong> Diese Allgemeinen Gesch\u00e4ftsbedingungen unterliegen dem italienischen Recht. Alle Streitigkeiten werden von den zust\u00e4ndigen Gerichten in Verona, Italien, entschieden.<\/p><p><strong>10. Kontakt<\/strong> F\u00fcr Fragen zu diesen Gesch\u00e4ftsbedingungen k\u00f6nnen Sie uns unter info@styxsrl.it kontaktieren.<\/p><p>Handelsregister von Verona STYX SRL.<\/p><p>Rechtsadresse: VERONA (VR) VIA GASPARE DEL CARRETTO 18, PLZ 37136<\/p><p>Steuer-ID, USt-IdNr und Registrierungsnummer im Handelsregister von Verona: 04871040236<\/p><p>Iscrizione all&#8217;albo VR2811028S<\/p><p>Stammkapital: 10.000 Euro<\/p>\t\t\t\t\t\t\t\t<\/div>\n\t\t\t\t<\/div>\n\t\t\t\t\t<\/div>\n\t\t\t\t<\/div>\n\t\t\t\t<\/div>","protected":false},"excerpt":{"rendered":"<p>Termini e condizioni Home Termini e condizioni 1. Benvenuti nel sito web di STYX SRL, con sede a Verona, Italia. L&#8217;utilizzo di questo sito implica l&#8217;accettazione di questi Termini e Condizioni. Se non siete d&#8217;accordo, vi preghiamo di non utilizzare il nostro sito web. 2. Definizioni &#8220;Societ\u00e0&#8221; -STYX SRL, con sede in VERONA (VR) VIA [&hellip;]<\/p>","protected":false},"author":1,"featured_media":0,"parent":0,"menu_order":0,"comment_status":"closed","ping_status":"closed","template":"","meta":{"footnotes":""},"class_list":["post-213","page","type-page","status-publish","hentry"],"yoast_head":"<!-- This site is optimized with the Yoast SEO plugin v25.3.1 - https:\/\/yoast.com\/wordpress\/plugins\/seo\/ -->\n<title>Termini e condizioni - STYX - Trasporto merci in sicurezza<\/title>\n<meta name=\"robots\" content=\"index, follow, max-snippet:-1, max-image-preview:large, max-video-preview:-1\" \/>\n<link rel=\"canonical\" href=\"https:\/\/styx-delivery.it\/de\/allgemeine-bedingungen\/\" \/>\n<meta property=\"og:locale\" content=\"de_DE\" \/>\n<meta property=\"og:type\" content=\"article\" \/>\n<meta property=\"og:title\" content=\"Termini e condizioni - STYX - Trasporto merci in sicurezza\" \/>\n<meta property=\"og:description\" content=\"Termini e condizioni Home Termini e condizioni 1. Benvenuti nel sito web di STYX SRL, con sede a Verona, Italia. L&#8217;utilizzo di questo sito implica l&#8217;accettazione di questi Termini e Condizioni. Se non siete d&#8217;accordo, vi preghiamo di non utilizzare il nostro sito web. 2. Definizioni &#8220;Societ\u00e0&#8221; -STYX SRL, con sede in VERONA (VR) VIA [&hellip;]\" \/>\n<meta property=\"og:url\" content=\"https:\/\/styx-delivery.it\/de\/allgemeine-bedingungen\/\" \/>\n<meta property=\"og:site_name\" content=\"STYX - Trasporto merci in sicurezza\" \/>\n<meta property=\"article:modified_time\" content=\"2025-03-15T10:02:05+00:00\" \/>\n<meta name=\"twitter:card\" content=\"summary_large_image\" \/>\n<meta name=\"twitter:label1\" content=\"Gesch\u00e4tzte Lesezeit\" \/>\n\t<meta name=\"twitter:data1\" content=\"2\u00a0Minuten\" \/>\n<script type=\"application\/ld+json\" class=\"yoast-schema-graph\">{\"@context\":\"https:\/\/schema.org\",\"@graph\":[{\"@type\":\"WebPage\",\"@id\":\"https:\/\/styx-delivery.it\/termini-e-condizioni\/\",\"url\":\"https:\/\/styx-delivery.it\/termini-e-condizioni\/\",\"name\":\"Termini e condizioni - STYX - Trasporto merci in sicurezza\",\"isPartOf\":{\"@id\":\"https:\/\/styx-delivery.it\/#website\"},\"datePublished\":\"2024-04-03T07:09:41+00:00\",\"dateModified\":\"2025-03-15T10:02:05+00:00\",\"breadcrumb\":{\"@id\":\"https:\/\/styx-delivery.it\/termini-e-condizioni\/#breadcrumb\"},\"inLanguage\":\"de\",\"potentialAction\":[{\"@type\":\"ReadAction\",\"target\":[\"https:\/\/styx-delivery.it\/termini-e-condizioni\/\"]}]},{\"@type\":\"BreadcrumbList\",\"@id\":\"https:\/\/styx-delivery.it\/termini-e-condizioni\/#breadcrumb\",\"itemListElement\":[{\"@type\":\"ListItem\",\"position\":1,\"name\":\"Home\",\"item\":\"https:\/\/styx-delivery.it\/\"},{\"@type\":\"ListItem\",\"position\":2,\"name\":\"Termini e condizioni\"}]},{\"@type\":\"WebSite\",\"@id\":\"https:\/\/styx-delivery.it\/#website\",\"url\":\"https:\/\/styx-delivery.it\/\",\"name\":\"STYX - Trasporto merci in sicurezza\",\"description\":\"\",\"potentialAction\":[{\"@type\":\"SearchAction\",\"target\":{\"@type\":\"EntryPoint\",\"urlTemplate\":\"https:\/\/styx-delivery.it\/?s={search_term_string}\"},\"query-input\":{\"@type\":\"PropertyValueSpecification\",\"valueRequired\":true,\"valueName\":\"search_term_string\"}}],\"inLanguage\":\"de\"}]}<\/script>\n<!-- \/ Yoast SEO plugin. -->","yoast_head_json":{"title":"Termini e condizioni - STYX - Trasporto merci in sicurezza","robots":{"index":"index","follow":"follow","max-snippet":"max-snippet:-1","max-image-preview":"max-image-preview:large","max-video-preview":"max-video-preview:-1"},"canonical":"https:\/\/styx-delivery.it\/de\/allgemeine-bedingungen\/","og_locale":"de_DE","og_type":"article","og_title":"Termini e condizioni - STYX - Trasporto merci in sicurezza","og_description":"Termini e condizioni Home Termini e condizioni 1. Benvenuti nel sito web di STYX SRL, con sede a Verona, Italia. L&#8217;utilizzo di questo sito implica l&#8217;accettazione di questi Termini e Condizioni. Se non siete d&#8217;accordo, vi preghiamo di non utilizzare il nostro sito web. 2. Definizioni &#8220;Societ\u00e0&#8221; -STYX SRL, con sede in VERONA (VR) VIA [&hellip;]","og_url":"https:\/\/styx-delivery.it\/de\/allgemeine-bedingungen\/","og_site_name":"STYX - Trasporto merci in sicurezza","article_modified_time":"2025-03-15T10:02:05+00:00","twitter_card":"summary_large_image","twitter_misc":{"Gesch\u00e4tzte Lesezeit":"2\u00a0Minuten"},"schema":{"@context":"https:\/\/schema.org","@graph":[{"@type":"WebPage","@id":"https:\/\/styx-delivery.it\/termini-e-condizioni\/","url":"https:\/\/styx-delivery.it\/termini-e-condizioni\/","name":"Termini e condizioni - STYX - Trasporto merci in sicurezza","isPartOf":{"@id":"https:\/\/styx-delivery.it\/#website"},"datePublished":"2024-04-03T07:09:41+00:00","dateModified":"2025-03-15T10:02:05+00:00","breadcrumb":{"@id":"https:\/\/styx-delivery.it\/termini-e-condizioni\/#breadcrumb"},"inLanguage":"de","potentialAction":[{"@type":"ReadAction","target":["https:\/\/styx-delivery.it\/termini-e-condizioni\/"]}]},{"@type":"BreadcrumbList","@id":"https:\/\/styx-delivery.it\/termini-e-condizioni\/#breadcrumb","itemListElement":[{"@type":"ListItem","position":1,"name":"Home","item":"https:\/\/styx-delivery.it\/"},{"@type":"ListItem","position":2,"name":"Termini e condizioni"}]},{"@type":"WebSite","@id":"https:\/\/styx-delivery.it\/#website","url":"https:\/\/styx-delivery.it\/","name":"STYX - Trasporto merci in sicurezza","description":"","potentialAction":[{"@type":"SearchAction","target":{"@type":"EntryPoint","urlTemplate":"https:\/\/styx-delivery.it\/?s={search_term_string}"},"query-input":{"@type":"PropertyValueSpecification","valueRequired":true,"valueName":"search_term_string"}}],"inLanguage":"de"}]}},"_links":{"self":[{"href":"https:\/\/styx-delivery.it\/de\/wp-json\/wp\/v2\/pages\/213","targetHints":{"allow":["GET"]}}],"collection":[{"href":"https:\/\/styx-delivery.it\/de\/wp-json\/wp\/v2\/pages"}],"about":[{"href":"https:\/\/styx-delivery.it\/de\/wp-json\/wp\/v2\/types\/page"}],"author":[{"embeddable":true,"href":"https:\/\/styx-delivery.it\/de\/wp-json\/wp\/v2\/users\/1"}],"replies":[{"embeddable":true,"href":"https:\/\/styx-delivery.it\/de\/wp-json\/wp\/v2\/comments?post=213"}],"version-history":[{"count":56,"href":"https:\/\/styx-delivery.it\/de\/wp-json\/wp\/v2\/pages\/213\/revisions"}],"predecessor-version":[{"id":1259,"href":"https:\/\/styx-delivery.it\/de\/wp-json\/wp\/v2\/pages\/213\/revisions\/1259"}],"wp:attachment":[{"href":"https:\/\/styx-delivery.it\/de\/wp-json\/wp\/v2\/media?parent=213"}],"curies":[{"name":"wp","href":"https:\/\/api.w.org\/{rel}","templated":true}]}}